{"id":72,"date":"2022-01-01T14:30:00","date_gmt":"2022-01-01T21:30:00","guid":{"rendered":"https:\/\/bii.mx\/wp\/?page_id=72"},"modified":"2023-01-15T18:09:21","modified_gmt":"2023-01-16T01:09:21","slug":"trabajos","status":"publish","type":"page","link":"https:\/\/bii.mx\/wp\/?page_id=72","title":{"rendered":"Trabajos"},"content":{"rendered":"\n<p>Compartimos trabajos arbitrados presentados en simposios o congresos.<\/p>\n\n\n\n<p><strong>\u00abReglas de decisi\u00f3n en la norma ISO\/IEC 17025:2017\u00bb <\/strong>en Simposio de Metrolog\u00eda 2022. CENAM. Quer\u00e9taro, Qro. M\u00e9xico: Octubre de 2022. <a href=\"https:\/\/bii.mx\/wp\/wp-content\/uploads\/2023\/01\/sm2022-reglas.pdf\">Trabajo (PDF).<\/a><\/p>\n\n\n\n<p><strong>\u00abFacturaci\u00f3n electr\u00f3nica de M\u00e9xico un modelo razonable para implementar la metrolog\u00eda 4.0\u00bb<\/strong> en Simposio de Metrolog\u00eda 2022. CENAM. Quer\u00e9taro, Qro. M\u00e9xico: Octubre de 2022. <a href=\"https:\/\/bii.mx\/wp\/wp-content\/uploads\/2023\/01\/sm2022-sat.pdf\">Trabajo (PDF)<\/a>   <a href=\"https:\/\/bii.mx\/wp\/wp-content\/uploads\/2023\/01\/cartel2-en.pdf\">Presentaci\u00f3n (PDF)<\/a><\/p>\n\n\n\n<p><strong>\u00abThe ISO\/IEC 17025 Revision Process\u00bb<\/strong> en Simposio de Metrolog\u00eda 2016. CENAM. Quer\u00e9tado, Qro. M\u00e9xico: Septiembre de 2016. <a href=\"https:\/\/bii.mx\/documentos\/17025Cm16.pdf\">Archivo PDF.<\/a><\/p>\n\n\n\n<p><strong>\u00abPrograma at\u00edpico de ensayos de aptitud para laboratorios que realizan pruebas de hermeticidad en estaciones de servicio que expenden gasolina y diesel\u00bb<\/strong> en Simposio de Metrolog\u00eda 2016. CENAM. Quer\u00e9tado, Qro. M\u00e9xico: Septiembre de 2016. <a href=\"https:\/\/bii.mx\/documentos\/eaCm16.pdf\">Archivo PDF.<\/a><\/p>\n\n\n\n<p><strong>\u00abConocimientos y habilidades en metrolog\u00eda del auditor interno ISO\/IEC 17025\u00bb<\/strong> en Simposio de Metrolog\u00eda 2014. CENAM. Quer\u00e9tado, Qro. M\u00e9xico: Octubre de 2014. <a href=\"https:\/\/bii.mx\/documentos\/audit17025Cm14.pdf\">Archivo PDF.<\/a><\/p>\n\n\n\n<p><strong>\u00abError imaginario\u00bb<\/strong> en Simposio de Metrolog\u00eda 2014. CENAM. Quer\u00e9tado, Qro. M\u00e9xico: Octubre de 2014. <a href=\"https:\/\/bii.mx\/documentos\/errorIcm14.pdf\">Archivo PDF.<\/a><\/p>\n\n\n\n<p><strong>\u00abAutoconsistencia, trazabilidad e incertidumbre del error de colimaci\u00f3n de la ret\u00edcula de un teodolito\u00bb<\/strong> en Simposio de Metrolog\u00eda 2014. CENAM. Quer\u00e9tado, Qro. M\u00e9xico: Octubre de 2014. (Realizado en colaboraci\u00f3n con Mario Dagoberto D\u00edaz Orgaz del Centro de Ingenier\u00eda y Desarrollo Industrial). <a href=\"https:\/\/bii.mx\/documentos\/colimacionCm14.pdf\">Archivo PDF.<\/a><\/p>\n\n\n\n<p><strong>\u00abRazones metrol\u00f3gicas\u00bb<\/strong> en Simposio de Metrolog\u00eda 2014. CENAM. Quer\u00e9tado, Qro. M\u00e9xico: Octubre de 2014. <a href=\"https:\/\/bii.mx\/documentos\/errorIcm14.pdf\">Archivo PDF.<\/a><\/p>\n\n\n\n<p><strong>\u00abIncertidumbre a cuadros\u00bb<\/strong> en Simposio de Metrolog\u00eda 2012. CENAM. Quer\u00e9tado, Qro. M\u00e9xico: Octubre de 2012. <a href=\"https:\/\/bii.mx\/documentos\/cuadrosCm12.pdf\">Archivo PDF.<\/a><\/p>\n\n\n\n<p><strong>\u00abPlanificaci\u00f3n del cumplimiento de ISO\/IEC 17025 con una orientaci\u00f3n por ISO 10012\u00bb<\/strong> en Simposio de Metrolog\u00eda 2012. CENAM. Quer\u00e9taro, Qro. M\u00e9xico: Octubre de 2012. <a href=\"https:\/\/bii.mx\/documentos\/planificacionCm12.pdf\">Archivo PDF.<\/a><\/p>\n\n\n\n<p><strong>\u00abC\u00e1lculo del error de colimaci\u00f3n de la ret\u00edcula en los ejes horizontal y vertical de un teodolito\u00bb<\/strong> en Simposio de Metrolog\u00eda 2012. CENAM. Quer\u00e9taro, Qro. M\u00e9xico: Octubre de 2012. (Realizado en colaboraci\u00f3n). <a href=\"https:\/\/bii.mx\/documentos\/colimacionCm12.pdf\">Archivo PDF.<\/a><\/p>\n\n\n\n<p><strong>\u00abAplicaci\u00f3n pr\u00e1ctica para estimar la incertidumbre de medici\u00f3n de pH en un instrumento multifunciones\u00bb<\/strong> en Simposio de Metrolog\u00eda 2012. CENAM. Quer\u00e9taro, Qro. M\u00e9xico: Octubre de 2012. (Realizado en colaboraci\u00f3n con Sandra Luz Suastes Acosta del Instituto de Estudios Superiores de Tamaulipas, A.C.). <a href=\"https:\/\/bii.mx\/documentos\/uphCm12.pdf\">Archivo PDF.<\/a><\/p>\n\n\n\n<p><strong>\u00abGesti\u00f3n conjunta de ensayos de aptitud\u00bb<\/strong> en Simposio de Metrolog\u00eda 2012. CENAM. Quer\u00e9taro, Qro. M\u00e9xico: Octubre de 2012. (Realizado en colaboraci\u00f3n con Esteban Fernando Camacho de la Comisi\u00f3n Nacional de Energ\u00eda At\u00f3mica y Jos\u00e9 Luis Prieto Calvi\u00f1o del Laboratorio Oficial de Metrolog\u00eda de Galicia). <a href=\"https:\/\/bii.mx\/documentos\/peaCm12.pdf\">Archivo PDF.<\/a><\/p>\n\n\n\n<p><strong>\u00abProcess approach based ISO\/IEC 17025 training\u00bb<\/strong> en 15 International Congress of Metrology. Coll\u00e8ge Fran\u00e7ais de M\u00e9trologie (CFM). Par\u00eds, Francia: Octubre de 2011. Idiomas oficiales del congreso, franc\u00e9s e ingl\u00e9s. <a href=\"https:\/\/bii.mx\/documentos\/approachCf11.pdf\">Archivo PDF.<\/a><\/p>\n\n\n\n<p><strong>\u00abHorwitz equation as quality benchmark in ISO\/IEC 17025 testing laboratory\u00bb <\/strong>en 15 International Congress of Metrology. Coll\u00e8ge Fran\u00e7ais de M\u00e9trologie (CFM). Par\u00eds, Francia: Octubre de 2011. Idiomas oficiales del congreso, franc\u00e9s e ingl\u00e9s. <a href=\"https:\/\/bii.mx\/documentos\/horwitzCf11.pdf\">Archivo PDF.<\/a>   <strong>Corrigendum<\/strong> (2014-10-26, 2021-11-03). <a href=\"https:\/\/bii.mx\/documentos\/horwitzCf11corr.pdf\">Archivo PDF.<\/a><\/p>\n\n\n\n<p><strong>\u00abUn manual de calidad de dos p\u00e1ginas\u00bb<\/strong> en VI Congreso Virtual Iberoamericano sobre Gesti\u00f3n de Calidad en laboratorios. IBEROLAB. Espa\u00f1a y Argentina: febrero a septiembre de 2011. <a href=\"https:\/\/bii.mx\/documentos\/manual2pIb11.pdf\">Archivo PDF.<\/a><\/p>\n\n\n\n<p><strong>\u00abUso de la Ecuaci\u00f3n de Horwitz en laboratorios de ensayos NMX-EC-17025-IMNC-2006\u00bb<\/strong> en Simposio de metrolog\u00eda 2010. CENAM. Quer\u00e9taro, Qro. M\u00e9xico: Octubre de 2010. <a href=\"https:\/\/bii.mx\/documentos\/horwitzCm10.pdf\">Archivo PDF.<\/a><\/p>\n\n\n\n<p><strong>\u00abEnfoque basado en procesos para la reestructura de la norma ISO\/IEC 17025\u00bb <\/strong>en Simposio de metrolog\u00eda 2010. CENAM. Quer\u00e9taro, Qro. M\u00e9xico: Octubre de 2010. <a href=\"https:\/\/bii.mx\/documentos\/enfoqueCm10.pdf\">Archivo PDF.<\/a><\/p>\n\n\n\n<p><strong>\u00abHorwitz Equation as Quality Benchmark in ISO\/IEC 17025 Testing Laboratory\u00bb<\/strong> en IIE Annual Conference &amp; Expo 2010. Institute of Industrial Engineers (IIE). Canc\u00fan, Q.Roo. M\u00e9xico: Junio de 2010. Idioma oficial de la conferencia, ingl\u00e9s. <a href=\"https:\/\/bii.mx\/documentos\/horwitzIie10.pdf\">Archivo PDF.<\/a><\/p>\n\n\n\n<p><strong>\u00abUso de ISO 10012 en el modelo de integraci\u00f3n de ISO\/IEC 17025 en un sistema ISO 9001\u00bb<\/strong> en Simposio de metrolog\u00eda 2008. CENAM. Quer\u00e9taro, Qro. M\u00e9xico: Octubre de 2008. <a href=\"https:\/\/bii.mx\/documentos\/uso10012Cm08.pdf\">Archivo PDF.<\/a><\/p>\n\n\n\n<p><strong>\u00abTaxonom\u00eda de sistemas de gesti\u00f3n\u00bb<\/strong> en Simposio de metrolog\u00eda 2008. CENAM. Quer\u00e9taro, Qro. M\u00e9xico: Octubre de 2008. <a href=\"https:\/\/bii.mx\/documentos\/taxonomiaCm08.pdf\">Archivo PDF.<\/a><\/p>\n\n\n\n<p><strong>\u00abModelo de integraci\u00f3n de ISO\/IEC 17025 en un sistema ISO 9001\u00bb<\/strong> en Simposio de metrolog\u00eda 2006. CENAM. Quer\u00e9taro, Qro. M\u00e9xico: Octubre de 2006. <a href=\"https:\/\/bii.mx\/documentos\/modeloCm06.pdf\">Archivo PDF.<\/a><\/p>\n\n\n\n<p><strong>\u00abEnfoques filos\u00f3ficos: Puntos de falla en los sistemas de calidad\u00bb<\/strong> en XX Congreso Nacional de Metrolog\u00eda, Normalizaci\u00f3n y Certificaci\u00f3n. AMMAC. M\u00e9rida, Yuc. M\u00e9xico: Octubre de 2005. <a href=\"https:\/\/bii.mx\/documentos\/enfoquesAm05.pdf\">Archivo PDF.<\/a><\/p>\n","protected":false},"excerpt":{"rendered":"<p>Compartimos trabajos arbitrados presentados en simposios o congresos. \u00abReglas de decisi\u00f3n en la norma ISO\/IEC 17025:2017\u00bb en Simposio de Metrolog\u00eda 2022. CENAM. Quer\u00e9taro, Qro. M\u00e9xico: Octubre de 2022. Trabajo (PDF). \u00abFacturaci\u00f3n electr\u00f3nica de M\u00e9xico un modelo razonable para implementar la metrolog\u00eda 4.0\u00bb en Simposio de Metrolog\u00eda 2022. CENAM. Quer\u00e9taro, Qro. M\u00e9xico: Octubre de 2022. Trabajo &hellip; <a href=\"https:\/\/bii.mx\/wp\/?page_id=72\" class=\"more-link\">Continuar leyendo<span class=\"screen-reader-text\"> \u00abTrabajos\u00bb<\/span><\/a><\/p>\n","protected":false},"author":1,"featured_media":0,"parent":0,"menu_order":0,"comment_status":"closed","ping_status":"closed","template":"","meta":[],"_links":{"self":[{"href":"https:\/\/bii.mx\/wp\/index.php?rest_route=\/wp\/v2\/pages\/72"}],"collection":[{"href":"https:\/\/bii.mx\/wp\/index.php?rest_route=\/wp\/v2\/pages"}],"about":[{"href":"https:\/\/bii.mx\/wp\/index.php?rest_route=\/wp\/v2\/types\/page"}],"author":[{"embeddable":true,"href":"https:\/\/bii.mx\/wp\/index.php?rest_route=\/wp\/v2\/users\/1"}],"replies":[{"embeddable":true,"href":"https:\/\/bii.mx\/wp\/index.php?rest_route=%2Fwp%2Fv2%2Fcomments&post=72"}],"version-history":[{"count":6,"href":"https:\/\/bii.mx\/wp\/index.php?rest_route=\/wp\/v2\/pages\/72\/revisions"}],"predecessor-version":[{"id":148,"href":"https:\/\/bii.mx\/wp\/index.php?rest_route=\/wp\/v2\/pages\/72\/revisions\/148"}],"wp:attachment":[{"href":"https:\/\/bii.mx\/wp\/index.php?rest_route=%2Fwp%2Fv2%2Fmedia&parent=72"}],"curies":[{"name":"wp","href":"https:\/\/api.w.org\/{rel}","templated":true}]}}