{"id":14,"date":"2021-04-02T17:45:21","date_gmt":"2021-04-03T00:45:21","guid":{"rendered":"https:\/\/bii.mx\/wp\/?page_id=14"},"modified":"2024-09-06T07:24:05","modified_gmt":"2024-09-06T13:24:05","slug":"acerca-de","status":"publish","type":"page","link":"https:\/\/bii.mx\/wp\/","title":{"rendered":"Acerca de"},"content":{"rendered":"\n<p><strong>20 a\u00f1os del Bii \u00ae<br><\/strong>El 6 de septiembre de 2024 celebramos 20 a\u00f1os de servicio. <br>Estamos agradecidos por la oportunidad de colaborar con ustedes.<\/p>\n\n\n\n<p>El <strong>Bii<\/strong> \u00ae es una marca registrada lanzada en octubre de 2004 por Rosario Rodr\u00edguez y Carlos Rivera con el objeto de dar servicios de capacitaci\u00f3n, auditor\u00eda y consultor\u00eda sobre la norma ISO\/IEC 17025.<\/p>\n\n\n\n<p>Con el tiempo hemos desarrollado estilos complementarios que nos han permitido dise\u00f1ar, implementar, operar y auditar sistemas ISO\/IEC 17025, ISO\/IEC 17043, ISO 9001 e ISO 22000.<\/p>\n\n\n\n<p>Nos guiamos bajo las premisas de eficacia, rigor y \u00e9tica.<\/p>\n","protected":false},"excerpt":{"rendered":"<p>20 a\u00f1os del Bii \u00aeEl 6 de septiembre de 2024 celebramos 20 a\u00f1os de servicio. Estamos agradecidos por la oportunidad de colaborar con ustedes. El Bii \u00ae es una marca registrada lanzada en octubre de 2004 por Rosario Rodr\u00edguez y Carlos Rivera con el objeto de dar servicios de capacitaci\u00f3n, auditor\u00eda y consultor\u00eda sobre la &hellip; <a href=\"https:\/\/bii.mx\/wp\/\" class=\"more-link\">Continuar leyendo<span class=\"screen-reader-text\"> \u00abAcerca de\u00bb<\/span><\/a><\/p>\n","protected":false},"author":1,"featured_media":0,"parent":0,"menu_order":0,"comment_status":"closed","ping_status":"closed","template":"","meta":[],"_links":{"self":[{"href":"https:\/\/bii.mx\/wp\/index.php?rest_route=\/wp\/v2\/pages\/14"}],"collection":[{"href":"https:\/\/bii.mx\/wp\/index.php?rest_route=\/wp\/v2\/pages"}],"about":[{"href":"https:\/\/bii.mx\/wp\/index.php?rest_route=\/wp\/v2\/types\/page"}],"author":[{"embeddable":true,"href":"https:\/\/bii.mx\/wp\/index.php?rest_route=\/wp\/v2\/users\/1"}],"replies":[{"embeddable":true,"href":"https:\/\/bii.mx\/wp\/index.php?rest_route=%2Fwp%2Fv2%2Fcomments&post=14"}],"version-history":[{"count":11,"href":"https:\/\/bii.mx\/wp\/index.php?rest_route=\/wp\/v2\/pages\/14\/revisions"}],"predecessor-version":[{"id":158,"href":"https:\/\/bii.mx\/wp\/index.php?rest_route=\/wp\/v2\/pages\/14\/revisions\/158"}],"wp:attachment":[{"href":"https:\/\/bii.mx\/wp\/index.php?rest_route=%2Fwp%2Fv2%2Fmedia&parent=14"}],"curies":[{"name":"wp","href":"https:\/\/api.w.org\/{rel}","templated":true}]}}